{"id":14,"date":"2016-08-14T12:33:25","date_gmt":"2016-08-14T13:33:25","guid":{"rendered":"http:\/\/dk-eng.pl\/?page_id=14"},"modified":"2018-09-20T07:25:23","modified_gmt":"2018-09-20T08:25:23","slug":"dane-kontaktowe","status":"publish","type":"page","link":"https:\/\/dk-eng.pl\/?page_id=14","title":{"rendered":"Dane kontaktowe"},"content":{"rendered":"<p><strong>W\u0142a\u015bciciel:<\/strong><\/p>\n<p>Dariusz Koncewicz<\/p>\n<p><strong>Adres:<\/strong><\/p>\n<p>ul. Ksi\u0119dza Skargi 10,\u00a046-203 Kluczbork<\/p>\n<p><strong>Kontakt bezpo\u015bredni:<\/strong><\/p>\n<p>Tel.: +48 530 724 427 \u00a0\/ \u00a0E-mail: dk@dk-eng.pl \u00a0\/ \u00a0www.dk-eng.pl<\/p>\n<p><strong>Dodatkowe dane:<\/strong><\/p>\n<p>NIP: 751-134-41-41 \u00a0\/ \u00a0REGON: 364706293<\/p>\n<p><strong>Konto bankowe:<\/strong><\/p>\n<p align=\"LEFT\">84 1870 1045 2078 1043 6777 0001<\/p>\n<p>&nbsp;<\/p>\n<p>&nbsp;<\/p>\n","protected":false},"excerpt":{"rendered":"<p>W\u0142a\u015bciciel: Dariusz Koncewicz Adres: ul. Ksi\u0119dza Skargi 10,\u00a046-203 Kluczbork Kontakt bezpo\u015bredni: Tel.: +48 530 724 427 \u00a0\/ \u00a0E-mail: dk@dk-eng.pl \u00a0\/ \u00a0www.dk-eng.pl Dodatkowe dane: NIP: 751-134-41-41 \u00a0\/ \u00a0REGON: 364706293 Konto bankowe: 84 1870 1045 2078 1043 6777 0001 &nbsp; &nbsp;<\/p>\n","protected":false},"author":1,"featured_media":0,"parent":0,"menu_order":5,"comment_status":"closed","ping_status":"closed","template":"","meta":[],"_links":{"self":[{"href":"https:\/\/dk-eng.pl\/index.php?rest_route=\/wp\/v2\/pages\/14"}],"collection":[{"href":"https:\/\/dk-eng.pl\/index.php?rest_route=\/wp\/v2\/pages"}],"about":[{"href":"https:\/\/dk-eng.pl\/index.php?rest_route=\/wp\/v2\/types\/page"}],"author":[{"embeddable":true,"href":"https:\/\/dk-eng.pl\/index.php?rest_route=\/wp\/v2\/users\/1"}],"replies":[{"embeddable":true,"href":"https:\/\/dk-eng.pl\/index.php?rest_route=%2Fwp%2Fv2%2Fcomments&post=14"}],"version-history":[{"count":7,"href":"https:\/\/dk-eng.pl\/index.php?rest_route=\/wp\/v2\/pages\/14\/revisions"}],"predecessor-version":[{"id":178,"href":"https:\/\/dk-eng.pl\/index.php?rest_route=\/wp\/v2\/pages\/14\/revisions\/178"}],"wp:attachment":[{"href":"https:\/\/dk-eng.pl\/index.php?rest_route=%2Fwp%2Fv2%2Fmedia&parent=14"}],"curies":[{"name":"wp","href":"https:\/\/api.w.org\/{rel}","templated":true}]}}